{"id":992,"date":"2024-04-12T22:56:24","date_gmt":"2024-04-12T20:56:24","guid":{"rendered":"https:\/\/presitec.pe\/?post_type=product&#038;p=992"},"modified":"2025-01-15T22:14:08","modified_gmt":"2025-01-15T21:14:08","slug":"plataforma-de-piso-defender-3000-basculas-industriales","status":"publish","type":"product","link":"https:\/\/presitec.pe\/index.php\/producto\/plataforma-de-piso-defender-3000-basculas-industriales\/","title":{"rendered":"PLATAFORMA DE PISO DEFENDER 3000 &#8211; B\u00c1SCULAS INDUSTRIALES &#8211; MARCA: OHAUS"},"content":{"rendered":"<p><strong>CARACTERISTICAS:<\/strong><\/p>\n<ul>\n<li>Plataformas disponibles en tama\u00f1os de 91 cm x 91 cm (3 x 3 pies); 1.22 m x 1.22 m (4 x 4 pies) y 1.52 m x 1.52 m (5 x 5 pies), y capacidades de 1.13 T (2500 lb) a 2.26 T (5000 lb) con un rendimiento de 5000e certificado por NTEP, lo que permite una mayor flexibilidad para sus necesidades de pesaje.<\/li>\n<\/ul>\n","protected":false},"excerpt":{"rendered":"<p>Plataformas para aplicaciones industriales b\u00e1sicas<\/p>\n<p>Las plataformas de piso Defender 3000 satisfacen las necesidades de pesaje en seco, en uso industrial y comercial. Su construcci\u00f3n de alta calidad est\u00e1 dise\u00f1ada par minimizar la flexi\u00f3n bajo cargas pesadas durante a\u00f1os de rendimiento confiable. Las plataformas de piso de la serie Defender 3000 ofrecen una conbinaci\u00f3n \u00fanica de valor y fiabilidad en la que su empresa puede confiar. Hay rampas y placas de montaje disponibles.<\/p>\n","protected":false},"featured_media":993,"comment_status":"open","ping_status":"closed","template":"","meta":[],"product_cat":[26],"product_tag":[],"_links":{"self":[{"href":"https:\/\/presitec.pe\/index.php\/wp-json\/wp\/v2\/product\/992"}],"collection":[{"href":"https:\/\/presitec.pe\/index.php\/wp-json\/wp\/v2\/product"}],"about":[{"href":"https:\/\/presitec.pe\/index.php\/wp-json\/wp\/v2\/types\/product"}],"replies":[{"embeddable":true,"href":"https:\/\/presitec.pe\/index.php\/wp-json\/wp\/v2\/comments?post=992"}],"wp:featuredmedia":[{"embeddable":true,"href":"https:\/\/presitec.pe\/index.php\/wp-json\/wp\/v2\/media\/993"}],"wp:attachment":[{"href":"https:\/\/presitec.pe\/index.php\/wp-json\/wp\/v2\/media?parent=992"}],"wp:term":[{"taxonomy":"product_cat","embeddable":true,"href":"https:\/\/presitec.pe\/index.php\/wp-json\/wp\/v2\/product_cat?post=992"},{"taxonomy":"product_tag","embeddable":true,"href":"https:\/\/presitec.pe\/index.php\/wp-json\/wp\/v2\/product_tag?post=992"}],"curies":[{"name":"wp","href":"https:\/\/api.w.org\/{rel}","templated":true}]}}