{"id":996,"date":"2024-04-12T23:10:02","date_gmt":"2024-04-12T21:10:02","guid":{"rendered":"https:\/\/presitec.pe\/?post_type=product&#038;p=996"},"modified":"2025-01-15T22:22:15","modified_gmt":"2025-01-15T21:22:15","slug":"balanza-industrial-defender-5000-d52","status":"publish","type":"product","link":"https:\/\/presitec.pe\/index.php\/producto\/balanza-industrial-defender-5000-d52\/","title":{"rendered":"BALANZA INDUSTRIAL DEFENDER 5000-D52 &#8211; MARCA: OHAUS"},"content":{"rendered":"<p><strong>CARACTERISTICAS:<\/strong><\/p>\n<ul>\n<li>Capaciad m\u00e1xima 50 kg.<\/li>\n<li>Dimensiones 442 mm. x 574 mm. x 305 mm. (LxAxA)<\/li>\n<li>Pantalla LCD de matriz de puntos con retroiluminaci\u00f3n LED blanca.<\/li>\n<li>Peso Neto 10 Kg.<\/li>\n<\/ul>\n","protected":false},"excerpt":{"rendered":"<p align=\"justify\">B\u00e1scula de mesa multifuncional para aplicaciones est\u00e1ndares de la industria. Modelo amigable con un teclado f\u00e1cil de usar, una gran pantalla retroiluminada y mensajes de texto en pantalla que le guiar\u00e1n a trav\u00e9s de la operaci\u00f3n. Construcci\u00f3n duradera con plataforma de acero inoxidable, marco de acero con recubrimiento en polvo gris arena y celda de carga de aluminio. El defensor cumple con las aprobaciones NTEP\/Measurement Canad\u00e1 u OIML\/EC (dependiendo de la regi\u00f3n). Ofrece modos industriales comunes y admite una biblioteca de 50,000 elementos con 1000 perfiles de usuario para facilitar la gesti\u00f3n de datos. Incluye GMP\/GLP con hora\/fecha para la trazabilidad de los resultados.<\/p>\n","protected":false},"featured_media":997,"comment_status":"open","ping_status":"closed","template":"","meta":[],"product_cat":[26],"product_tag":[],"_links":{"self":[{"href":"https:\/\/presitec.pe\/index.php\/wp-json\/wp\/v2\/product\/996"}],"collection":[{"href":"https:\/\/presitec.pe\/index.php\/wp-json\/wp\/v2\/product"}],"about":[{"href":"https:\/\/presitec.pe\/index.php\/wp-json\/wp\/v2\/types\/product"}],"replies":[{"embeddable":true,"href":"https:\/\/presitec.pe\/index.php\/wp-json\/wp\/v2\/comments?post=996"}],"wp:featuredmedia":[{"embeddable":true,"href":"https:\/\/presitec.pe\/index.php\/wp-json\/wp\/v2\/media\/997"}],"wp:attachment":[{"href":"https:\/\/presitec.pe\/index.php\/wp-json\/wp\/v2\/media?parent=996"}],"wp:term":[{"taxonomy":"product_cat","embeddable":true,"href":"https:\/\/presitec.pe\/index.php\/wp-json\/wp\/v2\/product_cat?post=996"},{"taxonomy":"product_tag","embeddable":true,"href":"https:\/\/presitec.pe\/index.php\/wp-json\/wp\/v2\/product_tag?post=996"}],"curies":[{"name":"wp","href":"https:\/\/api.w.org\/{rel}","templated":true}]}}