{"id":998,"date":"2024-04-12T23:17:19","date_gmt":"2024-04-12T21:17:19","guid":{"rendered":"https:\/\/presitec.pe\/?post_type=product&#038;p=998"},"modified":"2025-01-15T22:22:48","modified_gmt":"2025-01-15T21:22:48","slug":"balanza-industrial-ranger-2000","status":"publish","type":"product","link":"https:\/\/presitec.pe\/index.php\/producto\/balanza-industrial-ranger-2000\/","title":{"rendered":"BALANZA INDUSTRIAL RANGER 2000 &#8211; MARCA: OHAUS"},"content":{"rendered":"<p><strong>CARACTERISTICAS:<\/strong><\/p>\n<ul>\n<li>Con indicadores LED de control de peso y la pantalla LED roja m\u00e1s grande de su clase, El Ranger 2000 funciona incluso en condiciones de poca luz.<\/li>\n<li>B\u00e1scula f\u00e1cil de usar con f\u00e1cil configuraci\u00f3n para garantizar la eficiencia en el lugar de trabajo.<\/li>\n<li>Vea sus resultados en solo un segundo y luego vea su eficiencia, rendimiendo y \u00a1la productividad se dispara!.<\/li>\n<li>Elimine el tiempo de espera y aumente el control de sus operaci\u00f3n con precisi\u00f3n de un segundo.<\/li>\n<\/ul>\n","protected":false},"excerpt":{"rendered":"<p align=\"justify\">B\u00e1sculas de mesa compactas eficaces para aplicaciones de pesaje industrial. El Ranger 2000 multiprop\u00f3sito tiene todas las capacidades para producir resultados precisos r\u00e1pidamente para una variedad de aplicaciones. Con siete modos de aplicaci\u00f3n, la Ranger 2000 es la b\u00e1scula ideal para satisfacer muchas necesidades industriales. necesidades de pesaje. Port\u00e1til y equipada con una bater\u00eda recargable, esta b\u00e1scula es beneficiosa en cada rinc\u00f3n de la f\u00e1brica y est\u00e1 equipado con funciones y caracter\u00edsticas que elevan la Ranger 2000 a una clase propia.<\/p>\n","protected":false},"featured_media":999,"comment_status":"open","ping_status":"closed","template":"","meta":[],"product_cat":[26],"product_tag":[],"_links":{"self":[{"href":"https:\/\/presitec.pe\/index.php\/wp-json\/wp\/v2\/product\/998"}],"collection":[{"href":"https:\/\/presitec.pe\/index.php\/wp-json\/wp\/v2\/product"}],"about":[{"href":"https:\/\/presitec.pe\/index.php\/wp-json\/wp\/v2\/types\/product"}],"replies":[{"embeddable":true,"href":"https:\/\/presitec.pe\/index.php\/wp-json\/wp\/v2\/comments?post=998"}],"wp:featuredmedia":[{"embeddable":true,"href":"https:\/\/presitec.pe\/index.php\/wp-json\/wp\/v2\/media\/999"}],"wp:attachment":[{"href":"https:\/\/presitec.pe\/index.php\/wp-json\/wp\/v2\/media?parent=998"}],"wp:term":[{"taxonomy":"product_cat","embeddable":true,"href":"https:\/\/presitec.pe\/index.php\/wp-json\/wp\/v2\/product_cat?post=998"},{"taxonomy":"product_tag","embeddable":true,"href":"https:\/\/presitec.pe\/index.php\/wp-json\/wp\/v2\/product_tag?post=998"}],"curies":[{"name":"wp","href":"https:\/\/api.w.org\/{rel}","templated":true}]}}